{"id":329,"date":"2026-04-02T11:31:05","date_gmt":"2026-04-02T09:31:05","guid":{"rendered":"https:\/\/danse-therapie.fr\/?page_id=329"},"modified":"2026-04-02T11:42:37","modified_gmt":"2026-04-02T09:42:37","slug":"mentions-legales","status":"publish","type":"page","link":"https:\/\/danse-therapie.fr\/?page_id=329","title":{"rendered":"Mentions l\u00e9gales"},"content":{"rendered":"\t\t<div data-elementor-type=\"wp-page\" data-elementor-id=\"329\" class=\"elementor elementor-329\">\n\t\t\t\t<div class=\"elementor-element elementor-element-32a32b9 e-flex e-con-boxed e-con e-parent\" data-id=\"32a32b9\" data-element_type=\"container\" data-e-type=\"container\">\n\t\t\t\t\t<div class=\"e-con-inner\">\n\t\t\t\t<div class=\"elementor-element elementor-element-a6b214a elementor-widget elementor-widget-text-editor\" data-id=\"a6b214a\" data-element_type=\"widget\" data-e-type=\"widget\" data-widget_type=\"text-editor.default\">\n\t\t\t\t\t\t\t\t\t<p><b>\u00c9dition du site Internet<\/b><\/p><p>Le site danse-therapie.fr, accessible \u00e0 l\u2019adresse URL https:\/\/www.danse-therapie.fr\/, est \u00e9dit\u00e9 par Organic Graphisme dont la repr\u00e9sentante l\u00e9gale est Sarah COQUIN, dont le domicile est situ\u00e9 2 la No\u00eb Rieux 22980 Langu\u00e9dias (EMAIL: contact@organic-graphisme.fr ; TELEPHONE : 0675030439), et dont l&rsquo;activit\u00e9 est h\u00e9berg\u00e9e par la CAE Avant-Premi\u00e8res, 4 rue des Champs de pies, 22000 Saint-Brieuc, sous le num\u00e9ro de SIRET <b>482 395 464 00050<\/b><\/p><p>L\u2019activit\u00e9 \u00abCavelan-Geniez Maud\u00bb est inscrite au RCS de Saint-Malo sous la forme juridique d&rsquo;entrepreneur individuel, \u00e0 l&rsquo;adresse suivante : 5, rue de l&rsquo;\u00e9cole 22350 Plumaudan. Elle a pour num\u00e9ro de SIRET <strong>49176278700043<\/strong> et poss\u00e8de le nom de domaine de ce site web.<\/p><p><b>R\u00e9daction du site Internet<\/b><\/p><p>Directeur de la publication :\u00a0Sarah Coquin, Organic Graphisme<\/p><p>Contact : 0675030439 ; contact@organic-graphisme.fr<\/p><p><b>H\u00e9bergeur du site Internet<\/b><\/p><p>Le site\u00a0organic-graphisme\u00a0est h\u00e9berg\u00e9 par\u00a0O2switch, SAS\u00a0au capital de\u00a0100000\u00a0euros, dont le si\u00e8ge social est situ\u00e9 CHEM<br \/>IN DES PARDIAUX 63000 CLERMONT FERRAND. O2Switch est\u00a0joignable par le moyen suivant :\u00a0<b>04 44 44 60 40<\/b>.<\/p>\t\t\t\t\t\t\t\t<\/div>\n\t\t\t\t\t<\/div>\n\t\t\t\t<\/div>\n\t\t\t\t<\/div>\n\t\t","protected":false},"excerpt":{"rendered":"<p>\u00c9dition du site Internet Le site danse-therapie.fr, accessible \u00e0 l\u2019adresse URL https:\/\/www.danse-therapie.fr\/, est \u00e9dit\u00e9 par Organic Graphisme dont la repr\u00e9sentante l\u00e9gale est Sarah COQUIN, dont le domicile est situ\u00e9 2 la No\u00eb Rieux 22980 Langu\u00e9dias (EMAIL: contact@organic-graphisme.fr ; TELEPHONE : 0675030439), et dont l&rsquo;activit\u00e9 est h\u00e9berg\u00e9e par la CAE Avant-Premi\u00e8res, 4 rue des Champs de [&hellip;]<\/p>\n","protected":false},"author":1,"featured_media":0,"parent":0,"menu_order":0,"comment_status":"closed","ping_status":"closed","template":"","meta":{"footnotes":""},"class_list":["post-329","page","type-page","status-publish","hentry"],"_links":{"self":[{"href":"https:\/\/danse-therapie.fr\/index.php?rest_route=\/wp\/v2\/pages\/329","targetHints":{"allow":["GET"]}}],"collection":[{"href":"https:\/\/danse-therapie.fr\/index.php?rest_route=\/wp\/v2\/pages"}],"about":[{"href":"https:\/\/danse-therapie.fr\/index.php?rest_route=\/wp\/v2\/types\/page"}],"author":[{"embeddable":true,"href":"https:\/\/danse-therapie.fr\/index.php?rest_route=\/wp\/v2\/users\/1"}],"replies":[{"embeddable":true,"href":"https:\/\/danse-therapie.fr\/index.php?rest_route=%2Fwp%2Fv2%2Fcomments&post=329"}],"version-history":[{"count":7,"href":"https:\/\/danse-therapie.fr\/index.php?rest_route=\/wp\/v2\/pages\/329\/revisions"}],"predecessor-version":[{"id":337,"href":"https:\/\/danse-therapie.fr\/index.php?rest_route=\/wp\/v2\/pages\/329\/revisions\/337"}],"wp:attachment":[{"href":"https:\/\/danse-therapie.fr\/index.php?rest_route=%2Fwp%2Fv2%2Fmedia&parent=329"}],"curies":[{"name":"wp","href":"https:\/\/api.w.org\/{rel}","templated":true}]}}